{"id":413,"date":"2020-09-15T06:48:29","date_gmt":"2020-09-15T06:48:29","guid":{"rendered":"https:\/\/beta.valshark.com\/index.php\/about\/"},"modified":"2023-09-22T05:22:58","modified_gmt":"2023-09-22T05:22:58","slug":"about","status":"publish","type":"page","link":"https:\/\/beta.valshark.com\/index.php\/about\/","title":{"rendered":"Nosotros"},"content":{"rendered":"\n<div class=\"wp-block-uagb-container uagb-block-04545503 alignfull uagb-is-root-container\"><div class=\"uagb-container-inner-blocks-wrap\">\n<div class=\"wp-block-uagb-advanced-heading uagb-block-58d792da\"><h1 class=\"uagb-heading-text\">Nosotros<\/h1><\/div>\n<\/div><\/div>\n\n\n\n<div class=\"wp-block-uagb-container uagb-block-c07c1ca2 alignfull uagb-is-root-container\"><div class=\"uagb-container-inner-blocks-wrap\">\n<div class=\"wp-block-uagb-container uagb-block-56ceaf47\">\n<div class=\"wp-block-uagb-advanced-heading uagb-block-bcf3190f\"><h2 class=\"uagb-heading-text\">empresa l\u00edder en patinaje sobre hielo en M\u00e9xico<\/h2><div class=\"uagb-separator\"><\/div><p class=\"uagb-desc-text\">Somos una compa\u00f1\u00eda 100% mexicana y contamos con m\u00e1s de 15 a\u00f1os de experiencia en la instalaci\u00f3n y operaci\u00f3n de pistas de hielo, tanto fijas como m\u00f3viles, en toda la rep\u00fablica mexicana, Siendo la Empresa L\u00edder de Entretenimiento sobre hielo en M\u00e9xico.<br><br>Adem\u00e1s, somos el \u00fanico grupo en M\u00e9xico que ofrece la operaci\u00f3n completa de las pistas m\u00f3viles, ya que tenemos personal capacitado que permite asegurar un excelente servicio, divertido y seguro. Dentro del personal con el que contamos, ofrecemos:<\/p><\/div>\n<\/div>\n\n\n\n<div class=\"wp-block-uagb-container uagb-block-3864985c\">\n<div class=\"wp-block-uagb-image uagb-block-c2362fda wp-block-uagb-image--layout-default wp-block-uagb-image--effect-static wp-block-uagb-image--align-none\"><figure class=\"wp-block-uagb-image__figure\"><img decoding=\"async\" srcset=\"https:\/\/beta.valshark.com\/wp-content\/uploads\/2023\/09\/Pista_Zocalo_CDMX.webp \" sizes=\"auto, (max-width: 480px) 150px\" src=\"https:\/\/beta.valshark.com\/wp-content\/uploads\/2023\/09\/Pista_Zocalo_CDMX.webp\" alt=\"\" class=\"uag-image-433\" width=\"800\" height=\"534\" title=\"\" loading=\"lazy\"\/><\/figure><\/div>\n<\/div>\n<\/div><\/div>\n\n\n\n<div class=\"wp-block-uagb-container uagb-block-ada1b635 alignfull uagb-is-root-container\"><div class=\"uagb-container-inner-blocks-wrap\">\n<div class=\"wp-block-uagb-container uagb-block-acb9b5c9\">\n<div class=\"wp-block-uagb-advanced-heading uagb-block-85aae344\"><h4 class=\"uagb-heading-text\">Contamos con equipo profesional para apoyarte<\/h4><div class=\"uagb-separator\"><\/div><\/div>\n\n\n\n<div class=\"wp-block-uagb-icon-list uagb-block-5853cfc8\"><div class=\"uagb-icon-list__wrap\">\n<div class=\"wp-block-uagb-icon-list-child uagb-block-5b9e2fa1\"><span class=\"uagb-icon-list__source-wrap\"><svg xmlns=\"https:\/\/www.w3.org\/2000\/svg\" viewBox=\"0 0 448 512\"><path d=\"M399.1 0c-26.5 0-48.01 21.5-48.01 48S373.5 96 399.1 96C426.5 96 448 74.5 448 48S426.5 0 399.1 0zM399.1 448c-8.751 0-16 7.25-16 16S376.7 480 367.1 480h-96.01c-8.751 0-16 7.25-16 16s7.251 16 16 16h96.01c26.5 0 48.01-21.5 48.01-48C415.1 455.2 408.7 448 399.1 448zM129.1 451.9c-11.34 0-11.19 9.36-22.65 9.36c-4.074 0-8.163-1.516-11.21-4.625l-67.98-67.89c-3.063-3.125-7.165-4.688-11.27-4.688c-4.102 0-8.204 1.562-11.27 4.688C1.562 391.8-.0001 395.9-.0001 400s1.562 8.203 4.688 11.27l67.88 67.98c9.376 9.375 21.59 14 33.96 14c13.23 0 38.57-8.992 38.57-25.36C145.1 456.7 135.2 451.9 129.1 451.9zM173.8 276.8L80.2 370.5c-6.251 6.25-9.376 14.44-9.376 22.62c0 24.75 22.57 32 31.88 32c8.251 0 16.5-3.125 22.63-9.375l91.89-92l-30.13-30.12C182.1 288.6 177.7 282.9 173.8 276.8zM127.1 160h105.5L213.3 177.3c-21.18 18.04-22.31 41.73-22.31 48.65c0 16.93 6.8 33.22 18.68 45.1l78.26 78.25V432c0 17.75 14.25 32 32 32s32-14.25 32-32v-89.38c0-12.62-5.126-25-14.13-33.88l-61.01-61c.5001-.5 1.25-.625 1.75-1.125l82.26-82.38c7.703-7.702 11.76-17.87 11.76-28.25c0-22.04-17.86-39.97-40.01-39.97L127.1 96C110.2 96 95.96 110.2 95.96 128S110.2 160 127.1 160z\"><\/path><\/svg><\/span><span class=\"uagb-icon-list__label\">Personal de mantenimiento e ingenier\u00eda<\/span><\/div>\n\n\n\n<div class=\"wp-block-uagb-icon-list-child uagb-block-2dd95719\"><span class=\"uagb-icon-list__source-wrap\"><svg xmlns=\"https:\/\/www.w3.org\/2000\/svg\" viewBox=\"0 0 448 512\"><path d=\"M399.1 0c-26.5 0-48.01 21.5-48.01 48S373.5 96 399.1 96C426.5 96 448 74.5 448 48S426.5 0 399.1 0zM399.1 448c-8.751 0-16 7.25-16 16S376.7 480 367.1 480h-96.01c-8.751 0-16 7.25-16 16s7.251 16 16 16h96.01c26.5 0 48.01-21.5 48.01-48C415.1 455.2 408.7 448 399.1 448zM129.1 451.9c-11.34 0-11.19 9.36-22.65 9.36c-4.074 0-8.163-1.516-11.21-4.625l-67.98-67.89c-3.063-3.125-7.165-4.688-11.27-4.688c-4.102 0-8.204 1.562-11.27 4.688C1.562 391.8-.0001 395.9-.0001 400s1.562 8.203 4.688 11.27l67.88 67.98c9.376 9.375 21.59 14 33.96 14c13.23 0 38.57-8.992 38.57-25.36C145.1 456.7 135.2 451.9 129.1 451.9zM173.8 276.8L80.2 370.5c-6.251 6.25-9.376 14.44-9.376 22.62c0 24.75 22.57 32 31.88 32c8.251 0 16.5-3.125 22.63-9.375l91.89-92l-30.13-30.12C182.1 288.6 177.7 282.9 173.8 276.8zM127.1 160h105.5L213.3 177.3c-21.18 18.04-22.31 41.73-22.31 48.65c0 16.93 6.8 33.22 18.68 45.1l78.26 78.25V432c0 17.75 14.25 32 32 32s32-14.25 32-32v-89.38c0-12.62-5.126-25-14.13-33.88l-61.01-61c.5001-.5 1.25-.625 1.75-1.125l82.26-82.38c7.703-7.702 11.76-17.87 11.76-28.25c0-22.04-17.86-39.97-40.01-39.97L127.1 96C110.2 96 95.96 110.2 95.96 128S110.2 160 127.1 160z\"><\/path><\/svg><\/span><span class=\"uagb-icon-list__label\">Personal de operaciones<\/span><\/div>\n\n\n\n<div class=\"wp-block-uagb-icon-list-child uagb-block-bc45b9d5\"><span class=\"uagb-icon-list__source-wrap\"><svg xmlns=\"https:\/\/www.w3.org\/2000\/svg\" viewBox=\"0 0 448 512\"><path d=\"M399.1 0c-26.5 0-48.01 21.5-48.01 48S373.5 96 399.1 96C426.5 96 448 74.5 448 48S426.5 0 399.1 0zM399.1 448c-8.751 0-16 7.25-16 16S376.7 480 367.1 480h-96.01c-8.751 0-16 7.25-16 16s7.251 16 16 16h96.01c26.5 0 48.01-21.5 48.01-48C415.1 455.2 408.7 448 399.1 448zM129.1 451.9c-11.34 0-11.19 9.36-22.65 9.36c-4.074 0-8.163-1.516-11.21-4.625l-67.98-67.89c-3.063-3.125-7.165-4.688-11.27-4.688c-4.102 0-8.204 1.562-11.27 4.688C1.562 391.8-.0001 395.9-.0001 400s1.562 8.203 4.688 11.27l67.88 67.98c9.376 9.375 21.59 14 33.96 14c13.23 0 38.57-8.992 38.57-25.36C145.1 456.7 135.2 451.9 129.1 451.9zM173.8 276.8L80.2 370.5c-6.251 6.25-9.376 14.44-9.376 22.62c0 24.75 22.57 32 31.88 32c8.251 0 16.5-3.125 22.63-9.375l91.89-92l-30.13-30.12C182.1 288.6 177.7 282.9 173.8 276.8zM127.1 160h105.5L213.3 177.3c-21.18 18.04-22.31 41.73-22.31 48.65c0 16.93 6.8 33.22 18.68 45.1l78.26 78.25V432c0 17.75 14.25 32 32 32s32-14.25 32-32v-89.38c0-12.62-5.126-25-14.13-33.88l-61.01-61c.5001-.5 1.25-.625 1.75-1.125l82.26-82.38c7.703-7.702 11.76-17.87 11.76-28.25c0-22.04-17.86-39.97-40.01-39.97L127.1 96C110.2 96 95.96 110.2 95.96 128S110.2 160 127.1 160z\"><\/path><\/svg><\/span><span class=\"uagb-icon-list__label\">Instructores capacitados para dar clases de patinaje sobre hielo<\/span><\/div>\n\n\n\n<div class=\"wp-block-uagb-icon-list-child uagb-block-90d17c96\"><span class=\"uagb-icon-list__source-wrap\"><svg xmlns=\"https:\/\/www.w3.org\/2000\/svg\" viewBox=\"0 0 448 512\"><path d=\"M399.1 0c-26.5 0-48.01 21.5-48.01 48S373.5 96 399.1 96C426.5 96 448 74.5 448 48S426.5 0 399.1 0zM399.1 448c-8.751 0-16 7.25-16 16S376.7 480 367.1 480h-96.01c-8.751 0-16 7.25-16 16s7.251 16 16 16h96.01c26.5 0 48.01-21.5 48.01-48C415.1 455.2 408.7 448 399.1 448zM129.1 451.9c-11.34 0-11.19 9.36-22.65 9.36c-4.074 0-8.163-1.516-11.21-4.625l-67.98-67.89c-3.063-3.125-7.165-4.688-11.27-4.688c-4.102 0-8.204 1.562-11.27 4.688C1.562 391.8-.0001 395.9-.0001 400s1.562 8.203 4.688 11.27l67.88 67.98c9.376 9.375 21.59 14 33.96 14c13.23 0 38.57-8.992 38.57-25.36C145.1 456.7 135.2 451.9 129.1 451.9zM173.8 276.8L80.2 370.5c-6.251 6.25-9.376 14.44-9.376 22.62c0 24.75 22.57 32 31.88 32c8.251 0 16.5-3.125 22.63-9.375l91.89-92l-30.13-30.12C182.1 288.6 177.7 282.9 173.8 276.8zM127.1 160h105.5L213.3 177.3c-21.18 18.04-22.31 41.73-22.31 48.65c0 16.93 6.8 33.22 18.68 45.1l78.26 78.25V432c0 17.75 14.25 32 32 32s32-14.25 32-32v-89.38c0-12.62-5.126-25-14.13-33.88l-61.01-61c.5001-.5 1.25-.625 1.75-1.125l82.26-82.38c7.703-7.702 11.76-17.87 11.76-28.25c0-22.04-17.86-39.97-40.01-39.97L127.1 96C110.2 96 95.96 110.2 95.96 128S110.2 160 127.1 160z\"><\/path><\/svg><\/span><span class=\"uagb-icon-list__label\">Supervisores y gerentes de operaci\u00f3n<\/span><\/div>\n<\/div><\/div>\n<\/div>\n\n\n\n<div class=\"wp-block-uagb-container uagb-block-03a254f1\">\n<div class=\"wp-block-uagb-advanced-heading uagb-block-f897f70d\"><h4 class=\"uagb-heading-text\">Historia<\/h4><div class=\"uagb-separator\"><\/div><p class=\"uagb-desc-text\">Desde el a\u00f1o 2004 introdujimos en M\u00e9xico el concepto de las Pistas de Hielo M\u00f3viles. Bajo este concepto, las pistas de hielo pueden ser rentadas e instaladas casi en cualquier lugar, tanto en el interior como en el exterior, en cualquier momento del a\u00f1o y de cualquier tama\u00f1o.<br><br>En ellas se pueden realizar eventos, presentaciones de espect\u00e1culos, utilizarse como una atracci\u00f3n comercial o simplemente para promover el patinaje sobre hielo.<br><br>Las pistas m\u00f3viles se pueden rentar desde un mes y hasta por un tiempo indefinido, permitiendo que nuestros clientes ofrezcan el servicio de patinaje sobre hielo de manera temporal y estacional.<\/p><\/div>\n\n\n\n<p><\/p>\n<\/div>\n<\/div><\/div>\n","protected":false},"excerpt":{"rendered":"<p>Nosotros empresa l\u00edder en patinaje sobre hielo en M\u00e9xico Somos una compa\u00f1\u00eda 100% mexicana y contamos con m\u00e1s de 15 a\u00f1os de experiencia en la instalaci\u00f3n y operaci\u00f3n de pistas de hielo, tanto fijas como m\u00f3viles, en toda la rep\u00fablica mexicana, Siendo la Empresa L\u00edder de Entretenimiento sobre hielo en M\u00e9xico. Adem\u00e1s, somos el \u00fanico [&hellip;]<\/p>\n","protected":false},"author":1,"featured_media":0,"parent":0,"menu_order":0,"comment_status":"closed","ping_status":"closed","template":"","meta":{"_uag_custom_page_level_css":"","site-sidebar-layout":"no-sidebar","site-content-layout":"plain-container","ast-site-content-layout":"normal-width-container","site-content-style":"unboxed","site-sidebar-style":"unboxed","ast-global-header-display":"","ast-banner-title-visibility":"","ast-main-header-display":"","ast-hfb-above-header-display":"","ast-hfb-below-header-display":"","ast-hfb-mobile-header-display":"","site-post-title":"disabled","ast-breadcrumbs-content":"","ast-featured-img":"disabled","footer-sml-layout":"","theme-transparent-header-meta":"enabled","adv-header-id-meta":"","stick-header-meta":"","header-above-stick-meta":"","header-main-stick-meta":"","header-below-stick-meta":"","astra-migrate-meta-layouts":"set","ast-page-background-enabled":"default","ast-page-background-meta":{"desktop":{"background-color":"","background-image":"","background-repeat":"repeat","background-position":"center center","background-size":"auto","background-attachment":"scroll","background-type":"","background-media":"","overlay-type":"","overlay-color":"","overlay-opacity":"","overlay-gradient":""},"tablet":{"background-color":"","background-image":"","background-repeat":"repeat","background-position":"center center","background-size":"auto","background-attachment":"scroll","background-type":"","background-media":"","overlay-type":"","overlay-color":"","overlay-opacity":"","overlay-gradient":""},"mobile":{"background-color":"","background-image":"","background-repeat":"repeat","background-position":"center center","background-size":"auto","background-attachment":"scroll","background-type":"","background-media":"","overlay-type":"","overlay-color":"","overlay-opacity":"","overlay-gradient":""}},"ast-content-background-meta":{"desktop":{"background-color":"var(--ast-global-color-5)","background-image":"","background-repeat":"repeat","background-position":"center center","background-size":"auto","background-attachment":"scroll","background-type":"","background-media":"","overlay-type":"","overlay-color":"","overlay-opacity":"","overlay-gradient":""},"tablet":{"background-color":"var(--ast-global-color-5)","background-image":"","background-repeat":"repeat","background-position":"center center","background-size":"auto","background-attachment":"scroll","background-type":"","background-media":"","overlay-type":"","overlay-color":"","overlay-opacity":"","overlay-gradient":""},"mobile":{"background-color":"var(--ast-global-color-5)","background-image":"","background-repeat":"repeat","background-position":"center center","background-size":"auto","background-attachment":"scroll","background-type":"","background-media":"","overlay-type":"","overlay-color":"","overlay-opacity":"","overlay-gradient":""}},"footnotes":""},"class_list":["post-413","page","type-page","status-publish","hentry"],"uagb_featured_image_src":{"full":false,"thumbnail":false,"medium":false,"medium_large":false,"large":false,"1536x1536":false,"2048x2048":false},"uagb_author_info":{"display_name":"betavalshark","author_link":"https:\/\/beta.valshark.com\/index.php\/author\/betavalshark\/"},"uagb_comment_info":0,"uagb_excerpt":"Nosotros empresa l\u00edder en patinaje sobre hielo en M\u00e9xico Somos una compa\u00f1\u00eda 100% mexicana y contamos con m\u00e1s de 15 a\u00f1os de experiencia en la instalaci\u00f3n y operaci\u00f3n de pistas de hielo, tanto fijas como m\u00f3viles, en toda la rep\u00fablica mexicana, Siendo la Empresa L\u00edder de Entretenimiento sobre hielo en M\u00e9xico. Adem\u00e1s, somos el \u00fanico&hellip;","_links":{"self":[{"href":"https:\/\/beta.valshark.com\/index.php\/wp-json\/wp\/v2\/pages\/413","targetHints":{"allow":["GET"]}}],"collection":[{"href":"https:\/\/beta.valshark.com\/index.php\/wp-json\/wp\/v2\/pages"}],"about":[{"href":"https:\/\/beta.valshark.com\/index.php\/wp-json\/wp\/v2\/types\/page"}],"author":[{"embeddable":true,"href":"https:\/\/beta.valshark.com\/index.php\/wp-json\/wp\/v2\/users\/1"}],"replies":[{"embeddable":true,"href":"https:\/\/beta.valshark.com\/index.php\/wp-json\/wp\/v2\/comments?post=413"}],"version-history":[{"count":3,"href":"https:\/\/beta.valshark.com\/index.php\/wp-json\/wp\/v2\/pages\/413\/revisions"}],"predecessor-version":[{"id":462,"href":"https:\/\/beta.valshark.com\/index.php\/wp-json\/wp\/v2\/pages\/413\/revisions\/462"}],"wp:attachment":[{"href":"https:\/\/beta.valshark.com\/index.php\/wp-json\/wp\/v2\/media?parent=413"}],"curies":[{"name":"wp","href":"https:\/\/api.w.org\/{rel}","templated":true}]}}