{"id":415,"date":"2020-09-15T06:48:51","date_gmt":"2020-09-15T06:48:51","guid":{"rendered":"https:\/\/beta.valshark.com\/index.php\/services\/"},"modified":"2023-09-22T06:43:52","modified_gmt":"2023-09-22T06:43:52","slug":"services","status":"publish","type":"page","link":"https:\/\/beta.valshark.com\/index.php\/services\/","title":{"rendered":"Servicios"},"content":{"rendered":"\n<div class=\"wp-block-uagb-container uagb-block-79d714ad alignfull uagb-is-root-container\"><div class=\"uagb-container-inner-blocks-wrap\">\n<div class=\"wp-block-uagb-advanced-heading uagb-block-ca1e86ce\"><h1 class=\"uagb-heading-text\">Servicios<\/h1><\/div>\n<\/div><\/div>\n\n\n\n<div class=\"wp-block-uagb-container uagb-block-367bb171 alignfull uagb-is-root-container\"><div class=\"uagb-container-inner-blocks-wrap\">\n<div class=\"wp-block-uagb-advanced-heading uagb-block-a782b3cb\"><h2 class=\"uagb-heading-text\">Nosotros nos encargamos de todo, desde la instalaci\u00f3n hasta la gesti\u00f3n<\/h2><div class=\"uagb-separator\"><\/div><\/div>\n\n\n\n<div class=\"wp-block-uagb-container uagb-block-5467ce97\">\n<div class=\"wp-block-uagb-container uagb-block-06b76bb8\">\n<div class=\"wp-block-uagb-info-box uagb-block-e182e8cc uagb-infobox__content-wrap  uagb-infobox-icon-above-title uagb-infobox-image-valign-top\"><div class=\"uagb-ifb-content\"><div class=\"uagb-ifb-image-content\"><img decoding=\"async\" src=\"https:\/\/beta.valshark.com\/wp-content\/uploads\/2023\/09\/Pista_Hielo_06.webp\" alt=\"\" width=\"90\" height=\"55\" loading=\"lazy\"\/><\/div><div class=\"uagb-ifb-title-wrap\"><h5 class=\"uagb-ifb-title\">Instalacion<\/h5><\/div><p class=\"uagb-ifb-desc\">Contamos con m\u00e1s de 15 a\u00f1os de experiencia en instalaci\u00f3n y operaci\u00f3n de pistas de hielo. Nos basamos en un amplio equipo de ingenieros y profesionales ampliamente calificados para instalar pistas de hielo de una manera r\u00e1pida y cumpliendo con los est\u00e1ndares de seguridad requeridos.<br><br>Tiempo de instalaci\u00f3n: 12 d\u00edas aprox.<br>Tiempo de desinstalaci\u00f3n: 8 d\u00edas aprox.<\/p><\/div><\/div>\n<\/div>\n\n\n\n<div class=\"wp-block-uagb-container uagb-block-e3c5d364\">\n<div class=\"wp-block-uagb-info-box uagb-block-5b403ab9 uagb-infobox__content-wrap  uagb-infobox-icon-above-title uagb-infobox-image-valign-top\"><div class=\"uagb-ifb-content\"><div class=\"uagb-ifb-image-content\"><img decoding=\"async\" src=\"https:\/\/beta.valshark.com\/wp-content\/uploads\/2023\/09\/Equipo_pista_hielo.webp\" alt=\"\" width=\"1856\" height=\"1044\" loading=\"lazy\"\/><\/div><div class=\"uagb-ifb-title-wrap\"><h5 class=\"uagb-ifb-title\">Equipo y Materiales<\/h5><\/div><p class=\"uagb-ifb-desc\">En la instalaci\u00f3n de las pistas de hielo m\u00f3viles, incluimos todo el equipo necesario incluyendo: Pista de Hielo, Equipo de refrigeraci\u00f3n, Piso de caucho, Zamboni (m\u00e1quina que reacondiciona el hielo) &#8220;Opcional&#8221;, Patines para renta, Racks para almacenar patines. Bancas para patinadores<br>Bardas &#8220;Opcional<br><br><\/p><\/div><\/div>\n<\/div>\n<\/div>\n\n\n\n<div class=\"wp-block-uagb-container uagb-block-3d70687a\">\n<div class=\"wp-block-uagb-container uagb-block-350680ec\">\n<div class=\"wp-block-uagb-info-box uagb-block-0f8a8f98 uagb-infobox__content-wrap  uagb-infobox-icon-above-title uagb-infobox-image-valign-top\"><div class=\"uagb-ifb-content\"><div class=\"uagb-ifb-image-content\"><img decoding=\"async\" src=\"https:\/\/beta.valshark.com\/wp-content\/uploads\/2023\/09\/Pista_Hielo_04.webp\" alt=\"\" width=\"1600\" height=\"1066\" loading=\"lazy\"\/><\/div><div class=\"uagb-ifb-title-wrap\"><h5 class=\"uagb-ifb-title\">Beneficios<\/h5><\/div><p class=\"uagb-ifb-desc\">Nuestra pista de hielo ofrece m\u00faltiples ventajas para nuestros clientes. Adem\u00e1s de generar ingresos por entradas y oportunidades de publicidad para empresas, tambi\u00e9n promovemos el deporte y brindamos acceso a un medio de esparcimiento sano y divertido. Facilitamos patrocinios y estrategias de marketing que atraen a m\u00e1s visitantes al lugar, lo que crea una experiencia m\u00e1s enriquecedora y diversa para nuestros clientes<br><br><br><br><\/p><\/div><\/div>\n<\/div>\n\n\n\n<div class=\"wp-block-uagb-container uagb-block-5ba2e98d\">\n<div class=\"wp-block-uagb-info-box uagb-block-95387658 uagb-infobox__content-wrap  uagb-infobox-icon-above-title uagb-infobox-image-valign-top\"><div class=\"uagb-ifb-content\"><div class=\"uagb-ifb-image-content\"><img decoding=\"async\" src=\"https:\/\/beta.valshark.com\/wp-content\/uploads\/2023\/09\/Pista_Zocalo_CDMX.webp\" alt=\"\" width=\"1024\" height=\"767\" loading=\"lazy\"\/><\/div><div class=\"uagb-ifb-title-wrap\"><h5 class=\"uagb-ifb-title\">Medidas y Capacidades<\/h5><\/div><p class=\"uagb-ifb-desc\">Dadas las necesidades que nuestros clientes han presentado, contamos con Pistas de Hielo M\u00f3viles de las siguientes medidas y capacidades est\u00e1ndar:<br><\/p><\/div><\/div>\n\n\n\n<div class=\"wp-block-uagb-icon-list uagb-block-8d1f7add\"><div class=\"uagb-icon-list__wrap\">\n<div class=\"wp-block-uagb-icon-list-child uagb-block-6e8bbc6a\"><span class=\"uagb-icon-list__source-wrap\"><svg xmlns=\"https:\/\/www.w3.org\/2000\/svg\" viewBox=\"0 0 448 512\"><path d=\"M399.1 0c-26.5 0-48.01 21.5-48.01 48S373.5 96 399.1 96C426.5 96 448 74.5 448 48S426.5 0 399.1 0zM399.1 448c-8.751 0-16 7.25-16 16S376.7 480 367.1 480h-96.01c-8.751 0-16 7.25-16 16s7.251 16 16 16h96.01c26.5 0 48.01-21.5 48.01-48C415.1 455.2 408.7 448 399.1 448zM129.1 451.9c-11.34 0-11.19 9.36-22.65 9.36c-4.074 0-8.163-1.516-11.21-4.625l-67.98-67.89c-3.063-3.125-7.165-4.688-11.27-4.688c-4.102 0-8.204 1.562-11.27 4.688C1.562 391.8-.0001 395.9-.0001 400s1.562 8.203 4.688 11.27l67.88 67.98c9.376 9.375 21.59 14 33.96 14c13.23 0 38.57-8.992 38.57-25.36C145.1 456.7 135.2 451.9 129.1 451.9zM173.8 276.8L80.2 370.5c-6.251 6.25-9.376 14.44-9.376 22.62c0 24.75 22.57 32 31.88 32c8.251 0 16.5-3.125 22.63-9.375l91.89-92l-30.13-30.12C182.1 288.6 177.7 282.9 173.8 276.8zM127.1 160h105.5L213.3 177.3c-21.18 18.04-22.31 41.73-22.31 48.65c0 16.93 6.8 33.22 18.68 45.1l78.26 78.25V432c0 17.75 14.25 32 32 32s32-14.25 32-32v-89.38c0-12.62-5.126-25-14.13-33.88l-61.01-61c.5001-.5 1.25-.625 1.75-1.125l82.26-82.38c7.703-7.702 11.76-17.87 11.76-28.25c0-22.04-17.86-39.97-40.01-39.97L127.1 96C110.2 96 95.96 110.2 95.96 128S110.2 160 127.1 160z\"><\/path><\/svg><\/span><span class=\"uagb-icon-list__label\">20m x 15m 120 personas 200 pares<\/span><\/div>\n\n\n\n<div class=\"wp-block-uagb-icon-list-child uagb-block-74f3458b\"><span class=\"uagb-icon-list__source-wrap\"><svg xmlns=\"https:\/\/www.w3.org\/2000\/svg\" viewBox=\"0 0 448 512\"><path d=\"M399.1 0c-26.5 0-48.01 21.5-48.01 48S373.5 96 399.1 96C426.5 96 448 74.5 448 48S426.5 0 399.1 0zM399.1 448c-8.751 0-16 7.25-16 16S376.7 480 367.1 480h-96.01c-8.751 0-16 7.25-16 16s7.251 16 16 16h96.01c26.5 0 48.01-21.5 48.01-48C415.1 455.2 408.7 448 399.1 448zM129.1 451.9c-11.34 0-11.19 9.36-22.65 9.36c-4.074 0-8.163-1.516-11.21-4.625l-67.98-67.89c-3.063-3.125-7.165-4.688-11.27-4.688c-4.102 0-8.204 1.562-11.27 4.688C1.562 391.8-.0001 395.9-.0001 400s1.562 8.203 4.688 11.27l67.88 67.98c9.376 9.375 21.59 14 33.96 14c13.23 0 38.57-8.992 38.57-25.36C145.1 456.7 135.2 451.9 129.1 451.9zM173.8 276.8L80.2 370.5c-6.251 6.25-9.376 14.44-9.376 22.62c0 24.75 22.57 32 31.88 32c8.251 0 16.5-3.125 22.63-9.375l91.89-92l-30.13-30.12C182.1 288.6 177.7 282.9 173.8 276.8zM127.1 160h105.5L213.3 177.3c-21.18 18.04-22.31 41.73-22.31 48.65c0 16.93 6.8 33.22 18.68 45.1l78.26 78.25V432c0 17.75 14.25 32 32 32s32-14.25 32-32v-89.38c0-12.62-5.126-25-14.13-33.88l-61.01-61c.5001-.5 1.25-.625 1.75-1.125l82.26-82.38c7.703-7.702 11.76-17.87 11.76-28.25c0-22.04-17.86-39.97-40.01-39.97L127.1 96C110.2 96 95.96 110.2 95.96 128S110.2 160 127.1 160z\"><\/path><\/svg><\/span><span class=\"uagb-icon-list__label\">30m x 15m 180 personas 250 pares<\/span><\/div>\n\n\n\n<div class=\"wp-block-uagb-icon-list-child uagb-block-9b756bda\"><span class=\"uagb-icon-list__source-wrap\"><svg xmlns=\"https:\/\/www.w3.org\/2000\/svg\" viewBox=\"0 0 448 512\"><path d=\"M399.1 0c-26.5 0-48.01 21.5-48.01 48S373.5 96 399.1 96C426.5 96 448 74.5 448 48S426.5 0 399.1 0zM399.1 448c-8.751 0-16 7.25-16 16S376.7 480 367.1 480h-96.01c-8.751 0-16 7.25-16 16s7.251 16 16 16h96.01c26.5 0 48.01-21.5 48.01-48C415.1 455.2 408.7 448 399.1 448zM129.1 451.9c-11.34 0-11.19 9.36-22.65 9.36c-4.074 0-8.163-1.516-11.21-4.625l-67.98-67.89c-3.063-3.125-7.165-4.688-11.27-4.688c-4.102 0-8.204 1.562-11.27 4.688C1.562 391.8-.0001 395.9-.0001 400s1.562 8.203 4.688 11.27l67.88 67.98c9.376 9.375 21.59 14 33.96 14c13.23 0 38.57-8.992 38.57-25.36C145.1 456.7 135.2 451.9 129.1 451.9zM173.8 276.8L80.2 370.5c-6.251 6.25-9.376 14.44-9.376 22.62c0 24.75 22.57 32 31.88 32c8.251 0 16.5-3.125 22.63-9.375l91.89-92l-30.13-30.12C182.1 288.6 177.7 282.9 173.8 276.8zM127.1 160h105.5L213.3 177.3c-21.18 18.04-22.31 41.73-22.31 48.65c0 16.93 6.8 33.22 18.68 45.1l78.26 78.25V432c0 17.75 14.25 32 32 32s32-14.25 32-32v-89.38c0-12.62-5.126-25-14.13-33.88l-61.01-61c.5001-.5 1.25-.625 1.75-1.125l82.26-82.38c7.703-7.702 11.76-17.87 11.76-28.25c0-22.04-17.86-39.97-40.01-39.97L127.1 96C110.2 96 95.96 110.2 95.96 128S110.2 160 127.1 160z\"><\/path><\/svg><\/span><span class=\"uagb-icon-list__label\">25m x 20m 200 personas 280 pares<\/span><\/div>\n\n\n\n<div class=\"wp-block-uagb-icon-list-child uagb-block-c6f5ef21\"><span class=\"uagb-icon-list__source-wrap\"><svg xmlns=\"https:\/\/www.w3.org\/2000\/svg\" viewBox=\"0 0 448 512\"><path d=\"M399.1 0c-26.5 0-48.01 21.5-48.01 48S373.5 96 399.1 96C426.5 96 448 74.5 448 48S426.5 0 399.1 0zM399.1 448c-8.751 0-16 7.25-16 16S376.7 480 367.1 480h-96.01c-8.751 0-16 7.25-16 16s7.251 16 16 16h96.01c26.5 0 48.01-21.5 48.01-48C415.1 455.2 408.7 448 399.1 448zM129.1 451.9c-11.34 0-11.19 9.36-22.65 9.36c-4.074 0-8.163-1.516-11.21-4.625l-67.98-67.89c-3.063-3.125-7.165-4.688-11.27-4.688c-4.102 0-8.204 1.562-11.27 4.688C1.562 391.8-.0001 395.9-.0001 400s1.562 8.203 4.688 11.27l67.88 67.98c9.376 9.375 21.59 14 33.96 14c13.23 0 38.57-8.992 38.57-25.36C145.1 456.7 135.2 451.9 129.1 451.9zM173.8 276.8L80.2 370.5c-6.251 6.25-9.376 14.44-9.376 22.62c0 24.75 22.57 32 31.88 32c8.251 0 16.5-3.125 22.63-9.375l91.89-92l-30.13-30.12C182.1 288.6 177.7 282.9 173.8 276.8zM127.1 160h105.5L213.3 177.3c-21.18 18.04-22.31 41.73-22.31 48.65c0 16.93 6.8 33.22 18.68 45.1l78.26 78.25V432c0 17.75 14.25 32 32 32s32-14.25 32-32v-89.38c0-12.62-5.126-25-14.13-33.88l-61.01-61c.5001-.5 1.25-.625 1.75-1.125l82.26-82.38c7.703-7.702 11.76-17.87 11.76-28.25c0-22.04-17.86-39.97-40.01-39.97L127.1 96C110.2 96 95.96 110.2 95.96 128S110.2 160 127.1 160z\"><\/path><\/svg><\/span><span class=\"uagb-icon-list__label\">30m x 20m 240 personas 350 pares<\/span><\/div>\n\n\n\n<div class=\"wp-block-uagb-icon-list-child uagb-block-de287850\"><span class=\"uagb-icon-list__source-wrap\"><svg xmlns=\"https:\/\/www.w3.org\/2000\/svg\" viewBox=\"0 0 448 512\"><path d=\"M399.1 0c-26.5 0-48.01 21.5-48.01 48S373.5 96 399.1 96C426.5 96 448 74.5 448 48S426.5 0 399.1 0zM399.1 448c-8.751 0-16 7.25-16 16S376.7 480 367.1 480h-96.01c-8.751 0-16 7.25-16 16s7.251 16 16 16h96.01c26.5 0 48.01-21.5 48.01-48C415.1 455.2 408.7 448 399.1 448zM129.1 451.9c-11.34 0-11.19 9.36-22.65 9.36c-4.074 0-8.163-1.516-11.21-4.625l-67.98-67.89c-3.063-3.125-7.165-4.688-11.27-4.688c-4.102 0-8.204 1.562-11.27 4.688C1.562 391.8-.0001 395.9-.0001 400s1.562 8.203 4.688 11.27l67.88 67.98c9.376 9.375 21.59 14 33.96 14c13.23 0 38.57-8.992 38.57-25.36C145.1 456.7 135.2 451.9 129.1 451.9zM173.8 276.8L80.2 370.5c-6.251 6.25-9.376 14.44-9.376 22.62c0 24.75 22.57 32 31.88 32c8.251 0 16.5-3.125 22.63-9.375l91.89-92l-30.13-30.12C182.1 288.6 177.7 282.9 173.8 276.8zM127.1 160h105.5L213.3 177.3c-21.18 18.04-22.31 41.73-22.31 48.65c0 16.93 6.8 33.22 18.68 45.1l78.26 78.25V432c0 17.75 14.25 32 32 32s32-14.25 32-32v-89.38c0-12.62-5.126-25-14.13-33.88l-61.01-61c.5001-.5 1.25-.625 1.75-1.125l82.26-82.38c7.703-7.702 11.76-17.87 11.76-28.25c0-22.04-17.86-39.97-40.01-39.97L127.1 96C110.2 96 95.96 110.2 95.96 128S110.2 160 127.1 160z\"><\/path><\/svg><\/span><span class=\"uagb-icon-list__label\">40m x 20m 400 personas 400 pares<\/span><\/div>\n<\/div><\/div>\n<\/div>\n<\/div>\n<\/div><\/div>\n\n\n\n<div class=\"wp-block-uagb-container uagb-block-572efee1 alignfull uagb-is-root-container\"><div class=\"uagb-container-inner-blocks-wrap\">\n<div class=\"wp-block-uagb-container uagb-block-6494f6ee\">\n<div class=\"wp-block-uagb-advanced-heading uagb-block-038c9175\"><h3 class=\"uagb-heading-text\">Requerimientos <\/h3><div class=\"uagb-separator\"><\/div><\/div>\n\n\n\n<ul class=\"wp-block-list\">\n<li>Terreno plano y nivelado<\/li>\n\n\n\n<li>Tomas de agua cercanas a la zona donde se ubicar\u00eda la pista<\/li>\n\n\n\n<li>Energ\u00eda el\u00e9ctrica proporcionada por el cliente<\/li>\n\n\n\n<li>Se debe considerar un \u00e1rea exclusiva para patinadores; donde se controla la entrega de patines, el acceso al hielo y donde los patinadores pueden descansar<\/li>\n\n\n\n<li>En dicha \u00e1rea se instalan pisos de caucho con el fin de evitar accidentes y mantener las cuchillas de los patines con la mejor calidad posible.<\/li>\n<\/ul>\n<\/div>\n\n\n\n<div class=\"wp-block-uagb-container uagb-block-e2f9ea02\">\n<div class=\"wp-block-uagb-advanced-heading uagb-block-0ac88d07\"><h3 class=\"uagb-heading-text\">Especificaciones<\/h3><div class=\"uagb-separator\"><\/div><p class=\"uagb-desc-text\">El tama\u00f1o de las pistas de hielo se puede ajustar a medidas intermedias o especiales de acuerdo a las necesidades particulares de nuestros clientes.<br><br>Para congelar la pista se utiliza monoethylene glycol, producto que no da\u00f1a el medio ambiente.<br><br>No se realizan perforaciones ni cambios permanentes en el terreno utilizado.<\/p><\/div>\n\n\n\n<p><\/p>\n<\/div>\n<\/div><\/div>\n","protected":false},"excerpt":{"rendered":"<p>Servicios Nosotros nos encargamos de todo, desde la instalaci\u00f3n hasta la gesti\u00f3n Requerimientos Especificaciones El tama\u00f1o de las pistas de hielo se puede ajustar a medidas intermedias o especiales de acuerdo a las necesidades particulares de nuestros clientes. Para congelar la pista se utiliza monoethylene glycol, producto que no da\u00f1a el medio ambiente. No se [&hellip;]<\/p>\n","protected":false},"author":1,"featured_media":0,"parent":0,"menu_order":0,"comment_status":"closed","ping_status":"closed","template":"","meta":{"_uag_custom_page_level_css":"","site-sidebar-layout":"no-sidebar","site-content-layout":"plain-container","ast-site-content-layout":"normal-width-container","site-content-style":"unboxed","site-sidebar-style":"unboxed","ast-global-header-display":"","ast-banner-title-visibility":"","ast-main-header-display":"","ast-hfb-above-header-display":"","ast-hfb-below-header-display":"","ast-hfb-mobile-header-display":"","site-post-title":"disabled","ast-breadcrumbs-content":"","ast-featured-img":"","footer-sml-layout":"","theme-transparent-header-meta":"enabled","adv-header-id-meta":"","stick-header-meta":"","header-above-stick-meta":"","header-main-stick-meta":"","header-below-stick-meta":"","astra-migrate-meta-layouts":"set","ast-page-background-enabled":"default","ast-page-background-meta":{"desktop":{"background-color":"","background-image":"","background-repeat":"repeat","background-position":"center center","background-size":"auto","background-attachment":"scroll","background-type":"","background-media":"","overlay-type":"","overlay-color":"","overlay-opacity":"","overlay-gradient":""},"tablet":{"background-color":"","background-image":"","background-repeat":"repeat","background-position":"center center","background-size":"auto","background-attachment":"scroll","background-type":"","background-media":"","overlay-type":"","overlay-color":"","overlay-opacity":"","overlay-gradient":""},"mobile":{"background-color":"","background-image":"","background-repeat":"repeat","background-position":"center center","background-size":"auto","background-attachment":"scroll","background-type":"","background-media":"","overlay-type":"","overlay-color":"","overlay-opacity":"","overlay-gradient":""}},"ast-content-background-meta":{"desktop":{"background-color":"var(--ast-global-color-5)","background-image":"","background-repeat":"repeat","background-position":"center center","background-size":"auto","background-attachment":"scroll","background-type":"","background-media":"","overlay-type":"","overlay-color":"","overlay-opacity":"","overlay-gradient":""},"tablet":{"background-color":"var(--ast-global-color-5)","background-image":"","background-repeat":"repeat","background-position":"center center","background-size":"auto","background-attachment":"scroll","background-type":"","background-media":"","overlay-type":"","overlay-color":"","overlay-opacity":"","overlay-gradient":""},"mobile":{"background-color":"var(--ast-global-color-5)","background-image":"","background-repeat":"repeat","background-position":"center center","background-size":"auto","background-attachment":"scroll","background-type":"","background-media":"","overlay-type":"","overlay-color":"","overlay-opacity":"","overlay-gradient":""}},"footnotes":""},"class_list":["post-415","page","type-page","status-publish","hentry"],"uagb_featured_image_src":{"full":false,"thumbnail":false,"medium":false,"medium_large":false,"large":false,"1536x1536":false,"2048x2048":false},"uagb_author_info":{"display_name":"betavalshark","author_link":"https:\/\/beta.valshark.com\/index.php\/author\/betavalshark\/"},"uagb_comment_info":0,"uagb_excerpt":"Servicios Nosotros nos encargamos de todo, desde la instalaci\u00f3n hasta la gesti\u00f3n Requerimientos Especificaciones El tama\u00f1o de las pistas de hielo se puede ajustar a medidas intermedias o especiales de acuerdo a las necesidades particulares de nuestros clientes. Para congelar la pista se utiliza monoethylene glycol, producto que no da\u00f1a el medio ambiente. No se&hellip;","_links":{"self":[{"href":"https:\/\/beta.valshark.com\/index.php\/wp-json\/wp\/v2\/pages\/415","targetHints":{"allow":["GET"]}}],"collection":[{"href":"https:\/\/beta.valshark.com\/index.php\/wp-json\/wp\/v2\/pages"}],"about":[{"href":"https:\/\/beta.valshark.com\/index.php\/wp-json\/wp\/v2\/types\/page"}],"author":[{"embeddable":true,"href":"https:\/\/beta.valshark.com\/index.php\/wp-json\/wp\/v2\/users\/1"}],"replies":[{"embeddable":true,"href":"https:\/\/beta.valshark.com\/index.php\/wp-json\/wp\/v2\/comments?post=415"}],"version-history":[{"count":5,"href":"https:\/\/beta.valshark.com\/index.php\/wp-json\/wp\/v2\/pages\/415\/revisions"}],"predecessor-version":[{"id":474,"href":"https:\/\/beta.valshark.com\/index.php\/wp-json\/wp\/v2\/pages\/415\/revisions\/474"}],"wp:attachment":[{"href":"https:\/\/beta.valshark.com\/index.php\/wp-json\/wp\/v2\/media?parent=415"}],"curies":[{"name":"wp","href":"https:\/\/api.w.org\/{rel}","templated":true}]}}