{"id":416,"date":"2020-09-15T06:48:15","date_gmt":"2020-09-15T06:48:15","guid":{"rendered":"https:\/\/beta.valshark.com\/index.php\/home\/"},"modified":"2023-09-22T07:02:17","modified_gmt":"2023-09-22T07:02:17","slug":"home","status":"publish","type":"page","link":"https:\/\/beta.valshark.com\/","title":{"rendered":"inicio"},"content":{"rendered":"\n<div class=\"wp-block-uagb-container uagb-block-03e641d9 alignfull uagb-is-root-container\"><div class=\"uagb-container-inner-blocks-wrap\">\n<div class=\"wp-block-uagb-info-box uagb-block-3a8f7215 uagb-infobox__content-wrap  uagb-infobox-icon-above-title uagb-infobox-image-valign-top\"><div class=\"uagb-ifb-content\"><div class=\"uagb-ifb-title-wrap\"><span class=\"uagb-ifb-title-prefix\">Grupo La Pista<\/span><div class=\"uagb-ifb-separator\"><\/div><h1 class=\"uagb-ifb-title\">Tu Evento sobre Hielo<gwmw style=\"display:none;\"><gwmw style=\"display:none;\"><\/gwmw><\/gwmw><\/h1><\/div><div class=\"uagb-ifb-button-wrapper wp-block-button\"><a href=\"#\" class=\"uagb-infobox-cta-link wp-block-button__link\" target=\"_self\" rel=\"noopener noreferrer\" onclick=\"return false;\" alt=\"\"><span class=\"uagb-inline-editing\">Comunicate con nosotros<\/span><\/a><\/div><\/div><\/div>\n<\/div><\/div>\n\n\n\n<div class=\"wp-block-uagb-container uagb-block-601de73f alignfull uagb-is-root-container\"><div class=\"uagb-container-inner-blocks-wrap\">\n<div class=\"wp-block-uagb-container uagb-block-464a5ae9\">\n<div class=\"wp-block-uagb-image uagb-block-d224e30e wp-block-uagb-image--layout-default wp-block-uagb-image--effect-static wp-block-uagb-image--align-none\"><figure class=\"wp-block-uagb-image__figure\"><img decoding=\"async\" srcset=\"https:\/\/beta.valshark.com\/wp-content\/uploads\/2022\/08\/quote-1.png ,https:\/\/beta.valshark.com\/wp-content\/uploads\/2022\/08\/quote-1.png 780w\" sizes=\"auto, (max-width: 480px) 150px\" src=\"https:\/\/beta.valshark.com\/wp-content\/uploads\/2022\/08\/quote-1.png\" alt=\"\" class=\"uag-image-322\" width=\"94\" height=\"72\" title=\"\" loading=\"lazy\"\/><\/figure><\/div>\n<\/div>\n\n\n\n<div class=\"wp-block-uagb-container uagb-block-4f7cf978\">\n<div class=\"wp-block-uagb-advanced-heading uagb-block-bad6f5a1\"><p class=\"uagb-heading-text\">El Esplendor G\u00e9lido a Tu Alcance: Transforma Tu Evento en una Aventura sobre Hielo, Donde la Emoci\u00f3n y la Diversi\u00f3n se Congelan en el Tiempo<\/p><\/div>\n<\/div>\n<\/div><\/div>\n\n\n\n<div class=\"wp-block-uagb-container uagb-block-fcc3edf8 alignfull uagb-is-root-container\"><div class=\"uagb-container-inner-blocks-wrap\">\n<div class=\"wp-block-uagb-advanced-heading uagb-block-779dd6a4\"><h2 class=\"uagb-heading-text\">Ubicaciones Recientes<\/h2><div class=\"uagb-separator\"><\/div><\/div>\n\n\n\n<div class=\"wp-block-uagb-container uagb-block-ad0481f5\">\n<div class=\"wp-block-uagb-container uagb-block-3f0bf9e7\">\n<div class=\"wp-block-uagb-info-box uagb-block-2a1ae873 uagb-infobox__content-wrap  uagb-infobox-icon-above-title uagb-infobox-image-valign-top\"><div class=\"uagb-ifb-content\"><div class=\"uagb-ifb-image-content\"><img decoding=\"async\" src=\"https:\/\/beta.valshark.com\/wp-content\/uploads\/2023\/09\/Pista_Zocalo_CDMX.webp\" alt=\"\" width=\"83\" height=\"62\" loading=\"lazy\"\/><\/div><div class=\"uagb-ifb-title-wrap\"><h5 class=\"uagb-ifb-title\">Zocalo de la Ciudad de Mexico<\/h5><\/div><p class=\"uagb-ifb-desc\">Cuando la Magia del Hielo Transform\u00f3 el Coraz\u00f3n de la Ciudad en un Espect\u00e1culo G\u00e9lido e Inolvidable<\/p><div class=\"uagb-ifb-button-wrapper wp-block-button\"><a href=\"#\" class=\"uagb-infobox-cta-link wp-block-button__link\" target=\"_self\" rel=\"noopener noreferrer\" onclick=\"return false;\" alt=\"\"><span class=\"uagb-inline-editing\">Conocenos<\/span><svg xmlns=\"https:\/\/www.w3.org\/2000\/svg\" viewBox=\"0 0 512 512\"><path d=\"M504.3 273.6l-112.1 104c-6.992 6.484-17.18 8.218-25.94 4.406c-8.758-3.812-14.42-12.45-14.42-21.1L351.9 288H32C14.33 288 .0002 273.7 .0002 255.1S14.33 224 32 224h319.9l0-72c0-9.547 5.66-18.19 14.42-22c8.754-3.809 18.95-2.075 25.94 4.41l112.1 104C514.6 247.9 514.6 264.1 504.3 273.6z\"><\/path><\/svg><\/a><\/div><\/div><\/div>\n<\/div>\n\n\n\n<div class=\"wp-block-uagb-container uagb-block-218556d8\">\n<div class=\"wp-block-uagb-info-box uagb-block-ac66c7d1 uagb-infobox__content-wrap  uagb-infobox-icon-above-title uagb-infobox-image-valign-top\"><div class=\"uagb-ifb-content\"><div class=\"uagb-ifb-image-content\"><img decoding=\"async\" src=\"https:\/\/beta.valshark.com\/wp-content\/uploads\/2023\/09\/Pista_Coyoacan-e1695356386939.webp\" alt=\"\" width=\"83\" height=\"62\" loading=\"lazy\"\/><\/div><div class=\"uagb-ifb-title-wrap\"><h5 class=\"uagb-ifb-title\">Pista de Hielo en Coyoacan<\/h5><\/div><p class=\"uagb-ifb-desc\">Pista de Hielo en Coyoac\u00e1n: Donde la Diversi\u00f3n sobre Hielo Encuentra su Hogar. Vive la Magia del Invierno en un Rinc\u00f3n Especial de Coyoac\u00e1n.<\/p><div class=\"uagb-ifb-button-wrapper wp-block-button\"><a href=\"#\" class=\"uagb-infobox-cta-link wp-block-button__link\" target=\"_self\" rel=\"noopener noreferrer\" onclick=\"return false;\" alt=\"\"><span class=\"uagb-inline-editing\">Conocenos<\/span><svg xmlns=\"https:\/\/www.w3.org\/2000\/svg\" viewBox=\"0 0 512 512\"><path d=\"M504.3 273.6l-112.1 104c-6.992 6.484-17.18 8.218-25.94 4.406c-8.758-3.812-14.42-12.45-14.42-21.1L351.9 288H32C14.33 288 .0002 273.7 .0002 255.1S14.33 224 32 224h319.9l0-72c0-9.547 5.66-18.19 14.42-22c8.754-3.809 18.95-2.075 25.94 4.41l112.1 104C514.6 247.9 514.6 264.1 504.3 273.6z\"><\/path><\/svg><\/a><\/div><\/div><\/div>\n<\/div>\n<\/div>\n<\/div><\/div>\n\n\n\n<div class=\"wp-block-uagb-container uagb-block-fb506c19 alignfull uagb-is-root-container\"><div class=\"uagb-container-inner-blocks-wrap\">\n<div class=\"wp-block-uagb-container uagb-block-f1395858\">\n<div class=\"wp-block-uagb-info-box uagb-block-b71a6b56 uagb-infobox__content-wrap  uagb-infobox-icon-above-title uagb-infobox-image-valign-top\"><div class=\"uagb-ifb-content\"><div class=\"uagb-ifb-title-wrap\"><h2 class=\"uagb-ifb-title\">Donde la Magia del Hielo Crea Recuerdos<\/h2><\/div><div class=\"uagb-ifb-separator\"><\/div><p class=\"uagb-ifb-desc\">Convierte cualquier ocasi\u00f3n en un evento inolvidable con nuestras pistas de hielo. Desl\u00edzate hacia la emoci\u00f3n y celebra momentos que se congelar\u00e1n en tu memoria para siempre.<\/p><div class=\"uagb-ifb-button-wrapper wp-block-button\"><a href=\"#\" class=\"uagb-infobox-cta-link wp-block-button__link\" target=\"_self\" rel=\"noopener noreferrer\" onclick=\"return false;\" alt=\"\"><span class=\"uagb-inline-editing\">Contactanos<\/span><\/a><\/div><\/div><\/div>\n<\/div>\n<\/div><\/div>\n\n\n\n<div class=\"wp-block-uagb-container uagb-block-863293bf alignfull uagb-is-root-container\"><div class=\"uagb-container-inner-blocks-wrap\">\n<div class=\"wp-block-uagb-container uagb-block-e8a3ca96\">\n<div class=\"wp-block-uagb-info-box uagb-block-e872fc54 uagb-infobox__content-wrap  uagb-infobox-icon-above-title uagb-infobox-image-valign-top\"><div class=\"uagb-ifb-content\"><div class=\"uagb-ifb-title-wrap\"><h2 class=\"uagb-ifb-title\">Nuestra trayectoria<\/h2><\/div><p class=\"uagb-ifb-desc\">Hemos colaborado en una amplia gama de proyectos, cada uno con su propia historia \u00fanica sobre hielo. Explora nuestro portafolio y descubre la diversidad de experiencias que hemos creado para nuestros clientes.<br><br>En nuestra trayectoria, hemos dejado nuestra huella congelada en numerosos proyectos. Contactanos y descubre la magia que hemos tra\u00eddo al hielo a lo largo de nuestra historia.<\/p><div class=\"uagb-ifb-button-wrapper wp-block-button\"><a href=\"#\" class=\"uagb-infobox-cta-link wp-block-button__link\" target=\"_self\" rel=\"noopener noreferrer\" onclick=\"return false;\" alt=\"\"><span class=\"uagb-inline-editing\">Contacto<\/span><\/a><\/div><\/div><\/div>\n<\/div>\n\n\n\n<div class=\"wp-block-uagb-container uagb-block-f698cd00\">\n<div class=\"wp-block-uagb-image uagb-block-a9996cce wp-block-uagb-image--layout-default wp-block-uagb-image--effect-static wp-block-uagb-image--align-none\"><figure class=\"wp-block-uagb-image__figure\"><img decoding=\"async\" srcset=\"https:\/\/beta.valshark.com\/wp-content\/uploads\/2023\/09\/Pista_Hielo_06-1.webp , https:\/\/beta.valshark.com\/wp-content\/uploads\/2023\/09\/Pista_Hielo_05.webp 360w\" sizes=\"auto, (max-width: 480px) 150px\" src=\"https:\/\/beta.valshark.com\/wp-content\/uploads\/2023\/09\/Pista_Hielo_06-1.webp\" alt=\"\" class=\"uag-image-465\" width=\"386\" height=\"239\" title=\"\" loading=\"lazy\"\/><\/figure><\/div>\n\n\n\n<div class=\"wp-block-uagb-image uagb-block-677f9bee wp-block-uagb-image--layout-default wp-block-uagb-image--effect-static wp-block-uagb-image--align-none\"><figure class=\"wp-block-uagb-image__figure\"><img decoding=\"async\" srcset=\"https:\/\/beta.valshark.com\/wp-content\/uploads\/2023\/09\/Pista_Hielo_03-e1695357262850-300x200.webp , https:\/\/beta.valshark.com\/wp-content\/uploads\/2023\/09\/Pista_Hielo_03-e1695357262850-300x200.webp 360w\" sizes=\"auto, (max-width: 480px) 150px\" src=\"https:\/\/beta.valshark.com\/wp-content\/uploads\/2023\/09\/Pista_Hielo_03-e1695357262850-300x200.webp\" alt=\"\" class=\"uag-image-440\" width=\"386\" height=\"200\" title=\"\" loading=\"lazy\"\/><\/figure><\/div>\n<\/div>\n\n\n\n<div class=\"wp-block-uagb-container uagb-block-91821b99\">\n<div class=\"wp-block-uagb-image uagb-block-4830dd1f wp-block-uagb-image--layout-default wp-block-uagb-image--effect-static wp-block-uagb-image--align-none\"><figure class=\"wp-block-uagb-image__figure\"><img decoding=\"async\" srcset=\"https:\/\/beta.valshark.com\/wp-content\/uploads\/2023\/09\/Pista_Hielo_02-1024x683.webp , https:\/\/beta.valshark.com\/wp-content\/uploads\/2023\/09\/Pista_Hielo_02.webp 360w\" sizes=\"auto, (max-width: 480px) 150px\" src=\"https:\/\/beta.valshark.com\/wp-content\/uploads\/2023\/09\/Pista_Hielo_02-1024x683.webp\" alt=\"\" class=\"uag-image-441\" width=\"1024\" height=\"683\" title=\"\" loading=\"lazy\"\/><\/figure><\/div>\n\n\n\n<div class=\"wp-block-uagb-image uagb-block-368284cd wp-block-uagb-image--layout-default wp-block-uagb-image--effect-static wp-block-uagb-image--align-none\"><figure class=\"wp-block-uagb-image__figure\"><img decoding=\"async\" srcset=\"https:\/\/beta.valshark.com\/wp-content\/uploads\/2023\/09\/Pista_Hielo_04-1024x682.webp , https:\/\/beta.valshark.com\/wp-content\/uploads\/2023\/09\/Pista_Hielo_04.webp 360w\" sizes=\"auto, (max-width: 480px) 150px\" src=\"https:\/\/beta.valshark.com\/wp-content\/uploads\/2023\/09\/Pista_Hielo_04-1024x682.webp\" alt=\"\" class=\"uag-image-439\" width=\"1024\" height=\"682\" title=\"\" loading=\"lazy\"\/><\/figure><\/div>\n<\/div>\n<\/div><\/div>\n","protected":false},"excerpt":{"rendered":"<p>El Esplendor G\u00e9lido a Tu Alcance: Transforma Tu Evento en una Aventura sobre Hielo, Donde la Emoci\u00f3n y la Diversi\u00f3n se Congelan en el Tiempo Ubicaciones Recientes<\/p>\n","protected":false},"author":1,"featured_media":0,"parent":0,"menu_order":0,"comment_status":"closed","ping_status":"closed","template":"","meta":{"_uag_custom_page_level_css":"","site-sidebar-layout":"no-sidebar","site-content-layout":"plain-container","ast-site-content-layout":"normal-width-container","site-content-style":"unboxed","site-sidebar-style":"unboxed","ast-global-header-display":"","ast-banner-title-visibility":"","ast-main-header-display":"","ast-hfb-above-header-display":"","ast-hfb-below-header-display":"","ast-hfb-mobile-header-display":"","site-post-title":"disabled","ast-breadcrumbs-content":"","ast-featured-img":"","footer-sml-layout":"","theme-transparent-header-meta":"enabled","adv-header-id-meta":"","stick-header-meta":"","header-above-stick-meta":"","header-main-stick-meta":"","header-below-stick-meta":"","astra-migrate-meta-layouts":"set","ast-page-background-enabled":"default","ast-page-background-meta":{"desktop":{"background-color":"","background-image":"","background-repeat":"repeat","background-position":"center center","background-size":"auto","background-attachment":"scroll","background-type":"","background-media":"","overlay-type":"","overlay-color":"","overlay-opacity":"","overlay-gradient":""},"tablet":{"background-color":"","background-image":"","background-repeat":"repeat","background-position":"center center","background-size":"auto","background-attachment":"scroll","background-type":"","background-media":"","overlay-type":"","overlay-color":"","overlay-opacity":"","overlay-gradient":""},"mobile":{"background-color":"","background-image":"","background-repeat":"repeat","background-position":"center center","background-size":"auto","background-attachment":"scroll","background-type":"","background-media":"","overlay-type":"","overlay-color":"","overlay-opacity":"","overlay-gradient":""}},"ast-content-background-meta":{"desktop":{"background-color":"var(--ast-global-color-5)","background-image":"","background-repeat":"repeat","background-position":"center center","background-size":"auto","background-attachment":"scroll","background-type":"","background-media":"","overlay-type":"","overlay-color":"","overlay-opacity":"","overlay-gradient":""},"tablet":{"background-color":"var(--ast-global-color-5)","background-image":"","background-repeat":"repeat","background-position":"center center","background-size":"auto","background-attachment":"scroll","background-type":"","background-media":"","overlay-type":"","overlay-color":"","overlay-opacity":"","overlay-gradient":""},"mobile":{"background-color":"var(--ast-global-color-5)","background-image":"","background-repeat":"repeat","background-position":"center center","background-size":"auto","background-attachment":"scroll","background-type":"","background-media":"","overlay-type":"","overlay-color":"","overlay-opacity":"","overlay-gradient":""}},"footnotes":""},"class_list":["post-416","page","type-page","status-publish","hentry"],"uagb_featured_image_src":{"full":false,"thumbnail":false,"medium":false,"medium_large":false,"large":false,"1536x1536":false,"2048x2048":false},"uagb_author_info":{"display_name":"betavalshark","author_link":"https:\/\/beta.valshark.com\/index.php\/author\/betavalshark\/"},"uagb_comment_info":0,"uagb_excerpt":"El Esplendor G\u00e9lido a Tu Alcance: Transforma Tu Evento en una Aventura sobre Hielo, Donde la Emoci\u00f3n y la Diversi\u00f3n se Congelan en el Tiempo Ubicaciones Recientes","_links":{"self":[{"href":"https:\/\/beta.valshark.com\/index.php\/wp-json\/wp\/v2\/pages\/416","targetHints":{"allow":["GET"]}}],"collection":[{"href":"https:\/\/beta.valshark.com\/index.php\/wp-json\/wp\/v2\/pages"}],"about":[{"href":"https:\/\/beta.valshark.com\/index.php\/wp-json\/wp\/v2\/types\/page"}],"author":[{"embeddable":true,"href":"https:\/\/beta.valshark.com\/index.php\/wp-json\/wp\/v2\/users\/1"}],"replies":[{"embeddable":true,"href":"https:\/\/beta.valshark.com\/index.php\/wp-json\/wp\/v2\/comments?post=416"}],"version-history":[{"count":20,"href":"https:\/\/beta.valshark.com\/index.php\/wp-json\/wp\/v2\/pages\/416\/revisions"}],"predecessor-version":[{"id":484,"href":"https:\/\/beta.valshark.com\/index.php\/wp-json\/wp\/v2\/pages\/416\/revisions\/484"}],"wp:attachment":[{"href":"https:\/\/beta.valshark.com\/index.php\/wp-json\/wp\/v2\/media?parent=416"}],"curies":[{"name":"wp","href":"https:\/\/api.w.org\/{rel}","templated":true}]}}